{"id":2467,"date":"2021-11-18T13:16:48","date_gmt":"2021-11-18T12:16:48","guid":{"rendered":"https:\/\/www.ppduo.pl\/?page_id=2467"},"modified":"2022-02-18T09:34:14","modified_gmt":"2022-02-18T08:34:14","slug":"impressum","status":"publish","type":"page","link":"https:\/\/www.ppduo.pl\/de\/impressum\/","title":{"rendered":"IMPRESSUM"},"content":{"rendered":"<h2>Impressum<\/h2>\n<h4>PP- Duo sp. z o.o.<\/h4>\n<p>Bor\u00f3wno, ul.Z\u0142ota 1<br \/>\n86-022 Dobrcz, Polen<br \/>\nTelefon: +48 52 370 81 45<br \/>\nE-Mail: <a href=\"mailto:ppduo@ppduo.pl\">ppduo@ppduo.pl<\/a><br \/>\nwww: <a href=\"http:\/\/ppduo.pl\/de\/\" target=\"_blank\" rel=\"noopener\">ppduo.pl\/de<\/a><\/p>\n<p>Gesch\u00e4ftsf\u00fchrung: Anna Baran, Przemys\u0142aw Pluta, Dariusz Baran<br \/>\nRegistergericht: S\u0104D REJONOWY W BYDGOSZCZY, XIII WYDZIA\u0141 GOSPODARCZY KRAJOWEGO REJESTRU S\u0104DOWEGO<br \/>\nRegisternummer: 0000420418<br \/>\nUSt.-IdNr.: PL953 244 36 71<br \/>\nInhaltlich verantwortlich: Anna Baran(Anschrift: PP- Duo sp. z o.o. , Bor\u00f3wno, ul. Z\u0142ota 1, 86-022 Dobrcz, Polen)<\/p>\n<p>Die PP-Duo sp. z o.o. ist nicht gesetzlich verpflichtet, an einem Online-Streitbeilegungsverfahren teilzunehmen und nimmt auch nicht freiwillig an einem solchen Verfahren teil. Weitere Information finden Sie auf der Plattform der EU-Kommission zur Online-Streitbeilegung: <a href=\"https:\/\/www.ec.europa.eu\/consumers\/odr\" target=\"_blank\" rel=\"noopener\">https:\/\/www.ec.europa.eu\/consumers\/odr<\/a><\/p>\n<p>Informationen zum Datenschutz finden Sie <a href=\"https:\/\/www.ppduo.pl\/de\/datenschutzerklaerung\/\">hier<\/a>.<br \/>\nSie erreichen uns telefonisch von Montag bis Freitag zwischen 8.00 und 16.00 Uhr unter +48 52 370 81 45<\/p>\n","protected":false},"excerpt":{"rendered":"<p>Impressum PP- Duo sp. z o.o. Bor\u00f3wno, ul.Z\u0142ota 1 86-022 Dobrcz, Polen Telefon: +48 52 370 81 45 E-Mail: ppduo@ppduo.pl&#8230;<\/p>\n","protected":false},"author":1,"featured_media":0,"parent":0,"menu_order":0,"comment_status":"closed","ping_status":"open","template":"","meta":{"_acf_changed":false,"inline_featured_image":false,"footnotes":""},"class_list":["post-2467","page","type-page","status-publish","hentry"],"acf":[],"_links":{"self":[{"href":"https:\/\/www.ppduo.pl\/de\/wp-json\/wp\/v2\/pages\/2467","targetHints":{"allow":["GET"]}}],"collection":[{"href":"https:\/\/www.ppduo.pl\/de\/wp-json\/wp\/v2\/pages"}],"about":[{"href":"https:\/\/www.ppduo.pl\/de\/wp-json\/wp\/v2\/types\/page"}],"author":[{"embeddable":true,"href":"https:\/\/www.ppduo.pl\/de\/wp-json\/wp\/v2\/users\/1"}],"replies":[{"embeddable":true,"href":"https:\/\/www.ppduo.pl\/de\/wp-json\/wp\/v2\/comments?post=2467"}],"version-history":[{"count":3,"href":"https:\/\/www.ppduo.pl\/de\/wp-json\/wp\/v2\/pages\/2467\/revisions"}],"predecessor-version":[{"id":3364,"href":"https:\/\/www.ppduo.pl\/de\/wp-json\/wp\/v2\/pages\/2467\/revisions\/3364"}],"wp:attachment":[{"href":"https:\/\/www.ppduo.pl\/de\/wp-json\/wp\/v2\/media?parent=2467"}],"curies":[{"name":"wp","href":"https:\/\/api.w.org\/{rel}","templated":true}]}}