{"id":3120,"date":"2021-11-17T10:36:24","date_gmt":"2021-11-17T09:36:24","guid":{"rendered":"https:\/\/www.ppduo.pl\/promocja-produktow-firmy-pp-duo-na-rynku-zagranicznym\/"},"modified":"2022-01-28T10:20:52","modified_gmt":"2022-01-28T09:20:52","slug":"foerderung-von-pp-duo-produkten-auf-dem-auslaendischen-markt","status":"publish","type":"page","link":"https:\/\/www.ppduo.pl\/de\/foerderung-von-pp-duo-produkten-auf-dem-auslaendischen-markt\/","title":{"rendered":"F\u00d6RDERUNG VON PP DUO PRODUKTEN AUF DEM AUSL\u00c4NDISCHEN MARKT"},"content":{"rendered":"<h1><strong>F\u00d6RDERUNG VON PP DUO PRODUKTEN AUF DEM <span style=\"color: #4d848d;\">AUSL\u00c4NDISCHEN MARKT<\/span><\/strong><\/h1>\n<p><span style=\"font-weight: 400;\">Das Projekt &#8222;F\u00f6rderung der Produkte des Unternehmens PP DUO auf dem deutschen Markt durch die Teilnahme an internationalen Messen&#8220; wurde gef\u00f6rdert aus:<\/span><\/p>\n<p><strong>DEM EXPORTFONDS<\/strong><\/p>\n<p><span style=\"font-weight: 400;\">&#8211; Zusch\u00fcsse f\u00fcr kleine und mittlere Unternehmen aus der Woiwodschaft Kujawien-Pommern<\/span><\/p>\n<p>&nbsp;<\/p>\n<p><span style=\"font-weight: 400;\">REGIONALES OPERATIONELLES PROGRAMM<\/span><\/p>\n<p><span style=\"font-weight: 400;\">KUJAWSKO-POMORSKIE WOIWODSCHAFT F\u00dcR 2014-2020<\/span><\/p>\n<p>&nbsp;<\/p>\n<p><span style=\"font-weight: 400;\">Priorit\u00e4tsachse 1: St\u00e4rkung der Innovations- und Wettbewerbsf\u00e4higkeit der Wirtschaft in der Region<\/span><\/p>\n<p><span style=\"font-weight: 400;\">Ma\u00dfnahme 1.5 Entwicklung und Umsetzung neuer Gesch\u00e4ftsmodelle f\u00fcr kleine und mittlere Unternehmen.<\/span><\/p>\n<p><span style=\"font-weight: 400;\">Unterma\u00dfnahme 1.5.3 Unterst\u00fctzung der Internationalisierung von Unternehmen<\/span><\/p>\n<p><span style=\"font-weight: 400;\">Wert des Projekts: 825 606,52 PLN<\/span><\/p>\n<p>&nbsp;<\/p>\n<p><span style=\"font-weight: 400;\">Gegenstand des Projekts ist die Durchf\u00fchrung von Aktivit\u00e4ten, die darauf abzielen, die Exportt\u00e4tigkeit des Produkts von PP DUO Sp. z o.o. &#8211; Design und Produktion von Etiketten &#8211; auf dem neuen ausl\u00e4ndischen Markt zu starten.<\/span><\/p>\n","protected":false},"excerpt":{"rendered":"<p>F\u00d6RDERUNG VON PP DUO PRODUKTEN AUF DEM AUSL\u00c4NDISCHEN MARKT Das Projekt &#8222;F\u00f6rderung der Produkte des Unternehmens PP DUO auf dem&#8230;<\/p>\n","protected":false},"author":1,"featured_media":0,"parent":0,"menu_order":0,"comment_status":"closed","ping_status":"closed","template":"","meta":{"_acf_changed":false,"inline_featured_image":false,"footnotes":""},"class_list":["post-3120","page","type-page","status-publish","hentry"],"acf":[],"_links":{"self":[{"href":"https:\/\/www.ppduo.pl\/de\/wp-json\/wp\/v2\/pages\/3120","targetHints":{"allow":["GET"]}}],"collection":[{"href":"https:\/\/www.ppduo.pl\/de\/wp-json\/wp\/v2\/pages"}],"about":[{"href":"https:\/\/www.ppduo.pl\/de\/wp-json\/wp\/v2\/types\/page"}],"author":[{"embeddable":true,"href":"https:\/\/www.ppduo.pl\/de\/wp-json\/wp\/v2\/users\/1"}],"replies":[{"embeddable":true,"href":"https:\/\/www.ppduo.pl\/de\/wp-json\/wp\/v2\/comments?post=3120"}],"version-history":[{"count":1,"href":"https:\/\/www.ppduo.pl\/de\/wp-json\/wp\/v2\/pages\/3120\/revisions"}],"predecessor-version":[{"id":3123,"href":"https:\/\/www.ppduo.pl\/de\/wp-json\/wp\/v2\/pages\/3120\/revisions\/3123"}],"wp:attachment":[{"href":"https:\/\/www.ppduo.pl\/de\/wp-json\/wp\/v2\/media?parent=3120"}],"curies":[{"name":"wp","href":"https:\/\/api.w.org\/{rel}","templated":true}]}}